{"id":292,"date":"2024-09-19T10:23:50","date_gmt":"2024-09-19T08:23:50","guid":{"rendered":"https:\/\/www.interreg-alert.eu\/alert-pyr\/?page_id=292"},"modified":"2025-04-15T16:47:54","modified_gmt":"2025-04-15T14:47:54","slug":"el-proyecto","status":"publish","type":"page","link":"https:\/\/www.interreg-alert.eu\/alert-pyr\/es\/el-proyecto\/","title":{"rendered":"El proyecto"},"content":{"rendered":"<p><iframe loading=\"lazy\" title=\"Pr\u00e9sentation ALERT PYR - POCTEFA\" width=\"500\" height=\"281\" src=\"https:\/\/www.youtube.com\/embed\/-_pgn02kH3U?feature=oembed\" frameborder=\"0\" allow=\"accelerometer; autoplay; clipboard-write; encrypted-media; gyroscope; picture-in-picture; web-share\" referrerpolicy=\"strict-origin-when-cross-origin\" allowfullscreen><\/iframe><\/p>\n<p>El objetivo del proyecto es optimizar las misiones de protecci\u00f3n civil para proteger los bienes, las personas y el medio ambiente en las zonas lim\u00edtrofes de los departamentos de Alto Garona, Altos Pirineos y Pirineos Atl\u00e1nticos con Val d&rsquo;Aran, Arag\u00f3n, Navarra y Guip\u00fazcoa. Esta zona est\u00e1 sujeta a numerosos riesgos, tanto naturales como de origen humano, que deben gestionarse de forma conjunta, coordinada y compartida. Si bien parte de este objetivo ya se ha alcanzado en el marco de un proyecto anterior, se han identificado una serie de obst\u00e1culos que deber\u00e1n superarse si se quiere alcanzar el objetivo. Adem\u00e1s, este proyecto implica a nuevos socios y una zona transfronteriza m\u00e1s amplia.<\/p>\n<p>Para hacer frente a estos retos, ser\u00e1 necesario poner en marcha diversos \u00e1mbitos de cooperaci\u00f3n:<\/p>\n<ul>\n<li>Definir el nuevo territorio geogr\u00e1fico compartido, teniendo en cuenta los riesgos identificados, los recursos y la ubicaci\u00f3n de los centros de emergencia.<\/li>\n<li>Aplicar procedimientos de emergencia identificados y compartidos que integren todos los recursos a ambos lados de la frontera.<\/li>\n<li>Resolver los problemas de comunicaci\u00f3n e intercompatibilidad entre equipos, plataformas y cadena de mando.<\/li>\n<li>Mantener la capacidad y el nivel t\u00e9cnico del personal para intervenir conjuntamente.<\/li>\n<li>Mejorar la anticipaci\u00f3n y la prevenci\u00f3n de los distintos riesgos explotando un mayor abanico de informaci\u00f3n.<\/li>\n<li>Trabajar en nuevas t\u00e9cnicas de extinci\u00f3n para garantizar una mejor gesti\u00f3n del agua.<\/li>\n<\/ul>\n<p>La gesti\u00f3n compartida de las intervenciones sigue siendo la prioridad para garantizar una eficacia \u00f3ptima de los servicios de emergencia en el territorio transfronterizo. En este sentido, los actores responsables de la protecci\u00f3n civil desean proseguir su compromiso de cooperaci\u00f3n operativa transfronteriza conjunta.<\/p>\n","protected":false},"excerpt":{"rendered":"<p>El objetivo del proyecto es optimizar las misiones de protecci\u00f3n civil para proteger los bienes, las personas y el medio [&hellip;]<\/p>\n","protected":false},"author":1,"featured_media":0,"parent":0,"menu_order":0,"comment_status":"closed","ping_status":"closed","template":"","meta":{"_acf_changed":false,"_seopress_robots_primary_cat":"","_seopress_titles_title":"","_seopress_titles_desc":"","_seopress_robots_index":"","footnotes":""},"class_list":["post-292","page","type-page","status-publish","hentry"],"acf":[],"lang":"es","translations":{"es":292,"fr":114},"pll_sync_post":[],"_links":{"self":[{"href":"https:\/\/www.interreg-alert.eu\/alert-pyr\/wp-json\/wp\/v2\/pages\/292","targetHints":{"allow":["GET"]}}],"collection":[{"href":"https:\/\/www.interreg-alert.eu\/alert-pyr\/wp-json\/wp\/v2\/pages"}],"about":[{"href":"https:\/\/www.interreg-alert.eu\/alert-pyr\/wp-json\/wp\/v2\/types\/page"}],"author":[{"embeddable":true,"href":"https:\/\/www.interreg-alert.eu\/alert-pyr\/wp-json\/wp\/v2\/users\/1"}],"replies":[{"embeddable":true,"href":"https:\/\/www.interreg-alert.eu\/alert-pyr\/wp-json\/wp\/v2\/comments?post=292"}],"version-history":[{"count":18,"href":"https:\/\/www.interreg-alert.eu\/alert-pyr\/wp-json\/wp\/v2\/pages\/292\/revisions"}],"predecessor-version":[{"id":855,"href":"https:\/\/www.interreg-alert.eu\/alert-pyr\/wp-json\/wp\/v2\/pages\/292\/revisions\/855"}],"wp:attachment":[{"href":"https:\/\/www.interreg-alert.eu\/alert-pyr\/wp-json\/wp\/v2\/media?parent=292"}],"curies":[{"name":"wp","href":"https:\/\/api.w.org\/{rel}","templated":true}]}}