{"id":11,"date":"2015-04-30T15:03:39","date_gmt":"2015-04-30T14:03:39","guid":{"rendered":"https:\/\/www.interreg-alert.eu\/?page_id=11"},"modified":"2024-08-06T21:29:03","modified_gmt":"2024-08-06T20:29:03","slug":"accueil","status":"publish","type":"page","link":"https:\/\/www.interreg-alert.eu\/es\/","title":{"rendered":"Inicio"},"content":{"rendered":"<p><\/p>\n<h1><img loading=\"lazy\" decoding=\"async\" class=\"alignnone size-medium wp-image-4384\" src=\"https:\/\/www.interreg-alert.eu\/wp-content\/uploads\/2021\/11\/logo_programme_poctefa-750x266.jpg\" alt=\"\" width=\"750\" height=\"266\" srcset=\"https:\/\/www.interreg-alert.eu\/wp-content\/uploads\/2021\/11\/logo_programme_poctefa-750x266.jpg 750w, https:\/\/www.interreg-alert.eu\/wp-content\/uploads\/2021\/11\/logo_programme_poctefa-500x177.jpg 500w, https:\/\/www.interreg-alert.eu\/wp-content\/uploads\/2021\/11\/logo_programme_poctefa-1200x425.jpg 1200w, https:\/\/www.interreg-alert.eu\/wp-content\/uploads\/2021\/11\/logo_programme_poctefa-600x213.jpg 600w, https:\/\/www.interreg-alert.eu\/wp-content\/uploads\/2021\/11\/logo_programme_poctefa.jpg 1843w\" sizes=\"auto, (max-width: 750px) 100vw, 750px\" \/><\/h1>\n<h1 style=\"text-align: justify;\"><strong>ALERT<\/strong><\/h1>\n<h2 style=\"text-align: justify;\"><strong>Anticipar y Luchar en un Espacio com\u00fan contra los Riesgos Transfronterizos : inundaciones, incendios, accidentes de tr\u00e1fico\u2026:<\/strong><\/h2>\n<p style=\"text-align: justify;\">El Servicio Departamental de Incendios y de Socorro de los Pirineos Atl\u00e1nticos franc\u00e9s (SDIS64) es el jefe de fila de un proyecto de cooperaci\u00f3n transfronteriza con socios espa\u00f1oles de Gipuzkoa, Navarra y Arag\u00f3n.<\/p>\n<p style=\"text-align: justify;\">Este proyecto llamado ALERT es un programa financiado por los Fondos Europeos de Desarrollo Regional FEDER.<\/p>\n<p><\/p>","protected":false},"excerpt":{"rendered":"<p>ALERT Anticipar y Luchar en un Espacio com\u00fan contra los Riesgos Transfronterizos : inundaciones, incendios, accidentes de tr\u00e1fico\u2026: El Servicio Departamental de Incendios y de Socorro de los Pirineos Atl\u00e1nticos franc\u00e9s (SDIS64) es el jefe de fila de un proyecto [&hellip;]<\/p>\n","protected":false},"author":1,"featured_media":0,"parent":0,"menu_order":0,"comment_status":"closed","ping_status":"closed","template":"","meta":{"_acf_changed":false,"footnotes":""},"class_list":["post-11","page","type-page","status-publish","hentry"],"acf":[],"jetpack_sharing_enabled":true,"jetpack_shortlink":"https:\/\/wp.me\/PaCW4J-b","_links":{"self":[{"href":"https:\/\/www.interreg-alert.eu\/es\/wp-json\/wp\/v2\/pages\/11","targetHints":{"allow":["GET"]}}],"collection":[{"href":"https:\/\/www.interreg-alert.eu\/es\/wp-json\/wp\/v2\/pages"}],"about":[{"href":"https:\/\/www.interreg-alert.eu\/es\/wp-json\/wp\/v2\/types\/page"}],"author":[{"embeddable":true,"href":"https:\/\/www.interreg-alert.eu\/es\/wp-json\/wp\/v2\/users\/1"}],"replies":[{"embeddable":true,"href":"https:\/\/www.interreg-alert.eu\/es\/wp-json\/wp\/v2\/comments?post=11"}],"version-history":[{"count":12,"href":"https:\/\/www.interreg-alert.eu\/es\/wp-json\/wp\/v2\/pages\/11\/revisions"}],"predecessor-version":[{"id":4386,"href":"https:\/\/www.interreg-alert.eu\/es\/wp-json\/wp\/v2\/pages\/11\/revisions\/4386"}],"wp:attachment":[{"href":"https:\/\/www.interreg-alert.eu\/es\/wp-json\/wp\/v2\/media?parent=11"}],"curies":[{"name":"wp","href":"https:\/\/api.w.org\/{rel}","templated":true}]}}