{"id":15,"date":"2015-04-30T15:04:40","date_gmt":"2015-04-30T14:04:40","guid":{"rendered":"https:\/\/www.interreg-alert.eu\/?page_id=15"},"modified":"2024-08-06T21:29:03","modified_gmt":"2024-08-06T20:29:03","slug":"contact","status":"publish","type":"page","link":"https:\/\/www.interreg-alert.eu\/es\/contact\/","title":{"rendered":"Contacto"},"content":{"rendered":"<p><\/p>\n<div class=\"col-lg-6 col-md-6 col-sm-6 col-xs-12 no-padding-left contact-gauche\">\n<div class=\"wpcf7 no-js\" id=\"wpcf7-f2292-o2\" lang=\"fr-FR\" dir=\"ltr\" data-wpcf7-id=\"2292\">\n<div class=\"screen-reader-response\"><p role=\"status\" aria-live=\"polite\" aria-atomic=\"true\"><\/p> <ul><\/ul><\/div>\n<form action=\"\/es\/wp-json\/wp\/v2\/pages\/15#wpcf7-f2292-o2\" method=\"post\" class=\"wpcf7-form init\" aria-label=\"Formulaire de contact\" novalidate=\"novalidate\" data-status=\"init\">\n<fieldset class=\"hidden-fields-container\"><input type=\"hidden\" name=\"_wpcf7\" value=\"2292\" \/><input type=\"hidden\" name=\"_wpcf7_version\" value=\"6.1.5\" \/><input type=\"hidden\" name=\"_wpcf7_locale\" value=\"fr_FR\" \/><input type=\"hidden\" name=\"_wpcf7_unit_tag\" value=\"wpcf7-f2292-o2\" \/><input type=\"hidden\" name=\"_wpcf7_container_post\" value=\"0\" \/><input type=\"hidden\" name=\"_wpcf7_posted_data_hash\" value=\"\" \/>\n<\/fieldset>\n<p>Su nombre*\n<\/p>\n<p><span class=\"wpcf7-form-control-wrap\" data-name=\"your-name\"><input size=\"40\" maxlength=\"400\" class=\"wpcf7-form-control wpcf7-text wpcf7-validates-as-required form-control\" aria-required=\"true\" aria-invalid=\"false\" value=\"\" type=\"text\" name=\"your-name\" \/><\/span>\n<\/p>\n<p>Su mail*\n<\/p>\n<p><span class=\"wpcf7-form-control-wrap\" data-name=\"your-email\"><input size=\"40\" maxlength=\"400\" class=\"wpcf7-form-control wpcf7-email wpcf7-validates-as-required wpcf7-text wpcf7-validates-as-email form-control\" aria-required=\"true\" aria-invalid=\"false\" value=\"\" type=\"email\" name=\"your-email\" \/><\/span>\n<\/p>\n<p>Sujeto\n<\/p>\n<p><span class=\"wpcf7-form-control-wrap\" data-name=\"your-subject\"><input size=\"40\" maxlength=\"400\" class=\"wpcf7-form-control wpcf7-text form-control\" aria-invalid=\"false\" value=\"\" type=\"text\" name=\"your-subject\" \/><\/span>\n<\/p>\n<p>Vuestro mensaje\n<\/p>\n<p><span class=\"wpcf7-form-control-wrap\" data-name=\"message\"><textarea cols=\"40\" rows=\"10\" maxlength=\"2000\" class=\"wpcf7-form-control wpcf7-textarea form-control\" aria-invalid=\"false\" name=\"message\"><\/textarea><\/span>\n<\/p>\n<p><span class=\"wpcf7-form-control-wrap\" data-name=\"acceptation\"><span class=\"wpcf7-form-control wpcf7-checkbox wpcf7-validates-as-required\"><span class=\"wpcf7-list-item first last\"><input type=\"checkbox\" name=\"acceptation[]\" value=\"Al enviar este formulario, acepta la Pol\u00edtica de gesti\u00f3n de datos\" \/><span class=\"wpcf7-list-item-label\">Al enviar este formulario, acepta la Pol\u00edtica de gesti\u00f3n de datos<\/span><\/span><\/span><\/span>\n<\/p>\n<div class=\"wpcf7-turnstile cf-turnstile\" data-sitekey=\"0x4AAAAAAB74SDLYIocapezz\" data-response-field-name=\"_wpcf7_turnstile_response\"><\/div>\n<p><input class=\"wpcf7-form-control wpcf7-submit has-spinner btn btn-default\" type=\"submit\" value=\"Enviar\" \/>\n<\/p><div class=\"wpcf7-response-output\" aria-hidden=\"true\"><\/div>\n<\/form>\n<\/div>\n<\/div>\n<div class=\"col-lg-6 col-md-6 col-sm-6 col-xs-12 no-padding-right contact-droite\">\n<p><strong>Service d\u00e9partemental d&#8217;incendie et de secours des Pyr\u00e9n\u00e9es-Atlantiques<\/strong><br \/>\nBP 1622<br \/>\n33 avenue du Mar\u00e9chal Leclerc<br \/>\n64000 PAU cedex<br \/>\nT\u00e9l\u00e9phone : 0820 12 64 64<br \/>\nAdresse e-mail : <a href=\"mailto:contact@interreg-alert.eu\">contact@interreg-alert.eu<\/a><\/p>\n<\/div>\n<div class=\"clear-left\">\u00a0<\/div>\n<p><\/p>","protected":false},"excerpt":{"rendered":"<p>Service d\u00e9partemental d&#8217;incendie et de secours des Pyr\u00e9n\u00e9es-Atlantiques BP 1622 33 avenue du Mar\u00e9chal Leclerc 64000 PAU cedex T\u00e9l\u00e9phone : 0820 12 64 64 Adresse e-mail : contact@interreg-alert.eu \u00a0<\/p>\n","protected":false},"author":1,"featured_media":0,"parent":0,"menu_order":0,"comment_status":"closed","ping_status":"closed","template":"page-sans-sidebar.php","meta":{"_acf_changed":false,"footnotes":""},"class_list":["post-15","page","type-page","status-publish","hentry"],"acf":[],"jetpack_sharing_enabled":true,"jetpack_shortlink":"https:\/\/wp.me\/PaCW4J-f","_links":{"self":[{"href":"https:\/\/www.interreg-alert.eu\/es\/wp-json\/wp\/v2\/pages\/15","targetHints":{"allow":["GET"]}}],"collection":[{"href":"https:\/\/www.interreg-alert.eu\/es\/wp-json\/wp\/v2\/pages"}],"about":[{"href":"https:\/\/www.interreg-alert.eu\/es\/wp-json\/wp\/v2\/types\/page"}],"author":[{"embeddable":true,"href":"https:\/\/www.interreg-alert.eu\/es\/wp-json\/wp\/v2\/users\/1"}],"replies":[{"embeddable":true,"href":"https:\/\/www.interreg-alert.eu\/es\/wp-json\/wp\/v2\/comments?post=15"}],"version-history":[{"count":13,"href":"https:\/\/www.interreg-alert.eu\/es\/wp-json\/wp\/v2\/pages\/15\/revisions"}],"predecessor-version":[{"id":2475,"href":"https:\/\/www.interreg-alert.eu\/es\/wp-json\/wp\/v2\/pages\/15\/revisions\/2475"}],"wp:attachment":[{"href":"https:\/\/www.interreg-alert.eu\/es\/wp-json\/wp\/v2\/media?parent=15"}],"curies":[{"name":"wp","href":"https:\/\/api.w.org\/{rel}","templated":true}]}}