{"id":2294,"date":"2018-04-16T14:37:08","date_gmt":"2018-04-16T13:37:08","guid":{"rendered":"https:\/\/www.interreg-alert.eu\/?page_id=2294"},"modified":"2024-08-06T21:29:03","modified_gmt":"2024-08-06T20:29:03","slug":"poctefa","status":"publish","type":"page","link":"https:\/\/www.interreg-alert.eu\/es\/poctefa\/","title":{"rendered":"Poctefa"},"content":{"rendered":"<p><\/p>\n<h2 style=\"text-align: justify;\"><strong>Poctefa <\/strong><\/h2>\n<h2 style=\"text-align: justify;\"><strong>\u00bfQu\u00e9 es POCTEFA\u00a0?<\/strong><\/h2>\n<p style=\"text-align: justify;\">EFA 2014-2020 es el acr\u00f3nimo del Programa Interreg V-A Espa\u00f1a-Francia-Andorra.<\/p>\n<p style=\"text-align: justify;\">Se trata de un programa europeo de cooperaci\u00f3n territorial creado para fomentar el desarrollo sostenible del territorio fronterizo entre los tres pa\u00edses.<\/p>\n<p style=\"text-align: justify;\">El POCTEFA 2014-2020 constituye la quinta generaci\u00f3n de apoyo financiero comunitario destinado a reforzar la integraci\u00f3n econ\u00f3mica y social de esta zona. POCTEFA cofinancia proyectos de cooperaci\u00f3n transfronteriza dise\u00f1ados y gestionados por actores de ambos lados de los Pirineos y de las zonas litorales que participan en el Programa, preservando el desarrollo inteligente, sostenible e integrador del territorio.<\/p>\n<p style=\"text-align: justify;\">Pueden consultar el texto del Programa <a href=\"https:\/\/www.poctefa.eu\/documentacion\/programa\/\" target=\"_blank\" rel=\"noopener\">aqu\u00ed<\/a>.<\/p>\n<h2 style=\"text-align: justify;\"><strong>\u00bf C\u00f3mo funciona?<\/strong><\/h2>\n<p style=\"text-align: justify;\">POCTEFA 2014-2020 se organiza en convocatoria de proyectos. En estas convocatorias, los actores del territorio que quieren desarrollar proyectos transfronterizos en la zona de cooperaci\u00f3n tienen que presentar sus candidaturas al Programa. Una vez presentadas, los responsables del Programa eligen los proyectos que se adaptan a las necesidades del territorio y criterios de presentaci\u00f3n de las proposiciones. Los proyectos aprobados podr\u00e1n beneficiar la cofinanciaci\u00f3n del FEDER.<\/p>\n<h2 style=\"text-align: justify;\"><strong>\u00bf Qui\u00e9n puede ser beneficiario\u00a0?<\/strong><\/h2>\n<p style=\"text-align: justify;\">El programa se dirige actores del sector p\u00fablico y privado del espacio de cooperaci\u00f3n. Cuando estos actores se convierten en socios de un proyecto aprobado, se llaman beneficiarios. Pueden ser beneficiarios\u00a0: organismos p\u00fablicos, empresas, oficinas de desarrollo, agrupaciones europeas y clusters, asociaciones, fundaciones, c\u00e1maras de comercio, centros de ense\u00f1anza, entre otros tipos de organizaciones y grupos.<\/p>\n<h2 style=\"text-align: justify;\"><strong>La zona de cooperaci\u00f3n<\/strong><\/h2>\n<p style=\"text-align: justify;\">La zona eligible del <strong>POCTEFA 2014-2020<\/strong> agrupa el conjunto de los departamentos y provincias situados en la proximidad de la frontera franco-espa\u00f1ola y del territorio andorrano. Se extiende sobre una superficie de 115\u00a0583 km\u00b2 habitados por una poblaci\u00f3n de <strong>15 millones de personas<\/strong>.<\/p>\n<p style=\"text-align: justify;\">Esta zona de cooperaci\u00f3n reune concretamente las siguientes zonas\u00a0:<\/p>\n<ul style=\"text-align: justify;\">\n<li>Espa\u00f1a\u00a0: Bizkaia, Gipuzkoa, Araba \/ Alava, Navarra, La Rioja, Huesca, Zaragoza, Lleida, Girona, Barcelona y Tarragona.<\/li>\n<li>Francia\u00a0: Pirineos Atl\u00e1nticos, Ari\u00e8ge, Alta Garona, Altos Pirineos, Pirineos Orientales<\/li>\n<li>Andorra\u00a0: Todo el territorio<\/li>\n<\/ul>\n<p style=\"text-align: justify;\">La zona eligible del Programa \u2013 salvo Andorra, qui\u00e9n no forma parte de la Uni\u00f3n Europea \u2013 se compone de territorios de los pa\u00edses miembros que pueden recibir la financiaci\u00f3n del Fondo Europeo de Desarrollo Regional (FEDER).<\/p>\n<p><\/p>","protected":false},"excerpt":{"rendered":"<p>Poctefa \u00bfQu\u00e9 es POCTEFA\u00a0? EFA 2014-2020 es el acr\u00f3nimo del Programa Interreg V-A Espa\u00f1a-Francia-Andorra. Se trata de un programa europeo de cooperaci\u00f3n territorial creado para fomentar el desarrollo sostenible del territorio fronterizo entre los tres pa\u00edses. El POCTEFA 2014-2020 constituye [&hellip;]<\/p>\n","protected":false},"author":1,"featured_media":0,"parent":0,"menu_order":0,"comment_status":"closed","ping_status":"closed","template":"","meta":{"_acf_changed":false,"jetpack_post_was_ever_published":false,"footnotes":""},"class_list":["post-2294","page","type-page","status-publish","hentry"],"acf":[],"jetpack_sharing_enabled":true,"jetpack_shortlink":"https:\/\/wp.me\/PaCW4J-B0","_links":{"self":[{"href":"https:\/\/www.interreg-alert.eu\/es\/wp-json\/wp\/v2\/pages\/2294","targetHints":{"allow":["GET"]}}],"collection":[{"href":"https:\/\/www.interreg-alert.eu\/es\/wp-json\/wp\/v2\/pages"}],"about":[{"href":"https:\/\/www.interreg-alert.eu\/es\/wp-json\/wp\/v2\/types\/page"}],"author":[{"embeddable":true,"href":"https:\/\/www.interreg-alert.eu\/es\/wp-json\/wp\/v2\/users\/1"}],"replies":[{"embeddable":true,"href":"https:\/\/www.interreg-alert.eu\/es\/wp-json\/wp\/v2\/comments?post=2294"}],"version-history":[{"count":10,"href":"https:\/\/www.interreg-alert.eu\/es\/wp-json\/wp\/v2\/pages\/2294\/revisions"}],"predecessor-version":[{"id":2481,"href":"https:\/\/www.interreg-alert.eu\/es\/wp-json\/wp\/v2\/pages\/2294\/revisions\/2481"}],"wp:attachment":[{"href":"https:\/\/www.interreg-alert.eu\/es\/wp-json\/wp\/v2\/media?parent=2294"}],"curies":[{"name":"wp","href":"https:\/\/api.w.org\/{rel}","templated":true}]}}