{"id":2296,"date":"2018-04-16T14:37:33","date_gmt":"2018-04-16T13:37:33","guid":{"rendered":"https:\/\/www.interreg-alert.eu\/?page_id=2296"},"modified":"2024-08-06T21:29:03","modified_gmt":"2024-08-06T20:29:03","slug":"le-projet-alert","status":"publish","type":"page","link":"https:\/\/www.interreg-alert.eu\/es\/le-projet-alert\/","title":{"rendered":"ALERT"},"content":{"rendered":"<p><\/p>\n<h2 style=\"text-align: justify;\"><strong>Gesti\u00f3n \u2013 responsable\u00a0: el SDIS64<\/strong><\/h2>\n<p style=\"text-align: justify;\"><strong>Presupuesto de la acci\u00f3n : 424 793,23 \u20ac<\/strong><\/p>\n<p style=\"text-align: justify;\">Con el fin de asegurar el desarrollo del proyecto en condiciones \u00f3ptimas, se han tomado las siguientes decisiones\u00a0:<\/p>\n<ul style=\"text-align: justify;\">\n<li>repartir las responsabilidades de cada uno en acciones y actividades del proyecto (un responsable para cada acci\u00f3n).<\/li>\n<li>establecer reuniones (comit\u00e9 t\u00e9cnico y comit\u00e9 directivo) y herramientas (plataforma colaborativa \u2026) capaces de asegurar de manera eficaz el seguimiento de las acciones, la toma de decisiones, y el flujo de informaci\u00f3n.<\/li>\n<\/ul>\n<h2 style=\"text-align: justify;\"><strong>Comunicaci\u00f3n \u2013 responsable\u00a0: el SDIS64<\/strong><\/h2>\n<p style=\"text-align: justify;\"><strong>Presupuesto de la acci\u00f3n : 173 859.88 \u20ac<\/strong><\/p>\n<p style=\"text-align: justify;\">Objetivo\u00a0: Establecer una comunicaci\u00f3n externa sobre las acciones realizadas, sobre la financiaci\u00f3n europea del proyecto y crear una herramienta para compartir e intercambiar informaci\u00f3n y documentaciones.<\/p>\n<p style=\"text-align: justify;\">Ejes de trabajo y contenidos\u00a0:<\/p>\n<p style=\"text-align: justify;\">Sitio web y plataforma colaborativa, p\u00e1gina Facebook, informaci\u00f3n gr\u00e1fica, art\u00edculos\u00a0; fotos, v\u00eddeos de las acciones del proyecto.<\/p>\n<ul style=\"text-align: justify;\">\n<li>Gu\u00edas did\u00e1cticas en 3 idiomas\u00a0y diccionarios t\u00e9cnicos para cada tipo de riesgo : se\u00f1al\u00e9tica de prevenci\u00f3n\u00a0; difusi\u00f3n de materiales de formaci\u00f3n (incendios, riesgos s\u00edsmicos, inundaciones \u2026)<\/li>\n<\/ul>\n<h2 style=\"text-align: justify;\"><strong>Preparaci\u00f3n de la coordinaci\u00f3n operativa \u2013 responsable\u00a0: el SDIS64<\/strong><\/h2>\n<p style=\"text-align: justify;\"><strong>Presupuesto de la acci\u00f3n : 1 082 999,28 \u20ac<\/strong><\/p>\n<p style=\"text-align: justify;\">Objetivos :<br \/>\n\u2022 Dotar de herramientas comunes de informaci\u00f3n, para facilitar los medios m\u00e1s adecuados.<br \/>\n\u2022 Asegurar la misma gesti\u00f3n operativa de mando, y coordinaci\u00f3n de manera eficaz y uniforme a los equipos durante cat\u00e1strofes transfronterizas<\/p>\n<p style=\"text-align: justify;\">Ejes de trabajo y contenidos\u00a0:<\/p>\n<ul style=\"text-align: justify;\">\n<li>Interconexi\u00f3n de las plataformas de llamada\u00a0: informaci\u00f3n rec\u00edproca de situaciones de emergencia y formaci\u00f3n del personal.<\/li>\n<li>Formaci\u00f3n de oficiales sobre una metodolog\u00eda com\u00fan de mando.<\/li>\n<li>Veh\u00edculo transfronterizo de mando (para coordinar operaciones in situ durante cat\u00e1strofes) equipados\u00a0: radio de los 4 territorios, sat\u00e9lite, drone de reconocimiento \u2026<\/li>\n<li>Centro transfronterizo de Saint-Jean-Pied de Port de formaci\u00f3n y recursos sobre rescate fronterizo : en zonas cuyos accidentes son transfronterizos (Iraty, Arnegui, Valcarlos, Camino de Santiago). Se constituir\u00e1 un lugar de formaci\u00f3n de los equipos de entrenamiento y se agrupar\u00e1n documentos \/ metodolog\u00edas comunes.<\/li>\n<\/ul>\n<h2 style=\"text-align: justify;\"><strong>Sitios sensibles transfronterizos \u2013 responsable\u00a0: Navarra<\/strong><\/h2>\n<p style=\"text-align: justify;\"><strong>Presupuesto de la acci\u00f3n : 310 776,08 \u20ac<\/strong><\/p>\n<p style=\"text-align: justify;\">Objetivos :<\/p>\n<ul style=\"text-align: justify;\">\n<li>Conocer los lugares y sectores sensibles transfronterizos.<\/li>\n<li>Identificar y catalogar los riesgos potenciales para la creaci\u00f3n de un plan de rescate especializado.<\/li>\n<li>Adoptar una metodolog\u00eda com\u00fan para dar una mejor cobertura a esos lugares y sectores.<\/li>\n<\/ul>\n<p style=\"text-align: justify;\">Ejes de trabajo :<\/p>\n<ul style=\"text-align: justify;\">\n<li>Trabajos sobre los lugares identificados a lo largo de la frontera. Conocimiento de las zonas y redacci\u00f3n de planes de rescate espec\u00edficos\u00a0: Jaizkibel ; Camino de Santiago ; La Rhune ; lraty\/Abodi ; zonas comerciales (ventas\u2026) y estaciones de esqui (lbardin ; Dantxaria ; Arneguy-Aldudes ; Somport-Candanchu ; La Pierre-Saint Martin ; Pourtalet-Formigal,)<\/li>\n<li>Conocimiento mutuo entre los equipos a cada lado de la frontera.<br \/>\nContenidos : Cartograf\u00eda de senderos y de los riesgos, se\u00f1al\u00e9tica, visitas de los lugares y plan de prevenci\u00f3n de riesgos, formaci\u00f3n, maniobras conjuntas, armonizaci\u00f3n del material.<\/li>\n<\/ul>\n<h2 style=\"text-align: justify;\"><strong>Riesgos naturales \u2013 responsable\u00a0: Arag\u00f3n<\/strong><\/h2>\n<p style=\"text-align: justify;\"><strong>Presupuesto de la acci\u00f3n : 881 948.21 \u20ac<\/strong><br \/>\n<strong>Asociado : SDIS de Altos-Pirineos<\/strong><\/p>\n<p style=\"text-align: justify;\">Objetivos :<\/p>\n<ul>\n<li style=\"text-align: justify;\">Planificaci\u00f3n preventiva para reducir la vulnerabilidad de los territorios.<\/li>\n<li style=\"text-align: justify;\">Metodolog\u00edas comunes de anticipaci\u00f3n y de gesti\u00f3n de los riesgos naturales.<\/li>\n<li style=\"text-align: justify;\">Unificaci\u00f3n de medios con la perspectiva de una intervenci\u00f3n com\u00fan.<\/li>\n<\/ul>\n<p style=\"text-align: justify;\">Ejes de trabajo :<\/p>\n<ul style=\"text-align: justify;\">\n<li>Riesgos s\u00edsmicos, rescate en monta\u00f1a, rescate aqu\u00e1tico y otros (aludes, deslizamientos de terreno\u2026).<\/li>\n<li>Programa de visitas cruzadas e intercambio de experiencias.<\/li>\n<li>Cartograf\u00edas de riesgos naturales, modelizaci\u00f3n de los fen\u00f3menos naturales y de la vulnerabilidad de los territorios, planes de prevenci\u00f3n de riesgos, formaci\u00f3n, maniobras conjuntas.<\/li>\n<\/ul>\n<h2 style=\"text-align: justify;\"><strong>Riesgos en medio urbano \u2013 responsable\u00a0: Gipuzkoa<\/strong><\/h2>\n<p style=\"text-align: justify;\"><strong>Presupuesto de la acci\u00f3n : 180 701,84 \u20ac<\/strong><\/p>\n<p style=\"text-align: justify;\">Objetivo : Preparar a los equipos para intervenciones conjuntas sobre esta parte espec\u00edfica de la frontera, zona urbana de alta densidad de poblaci\u00f3n, rutas de transporte, empresas \u2026<\/p>\n<p style=\"text-align: justify;\">Ejes de trabajo :<\/p>\n<ul style=\"text-align: justify;\">\n<li>Incendios urbanos ; Incendios industriales ; Riesgos tecnol\u00f3gicos.<\/li>\n<\/ul>\n<p style=\"text-align: justify;\">Contenidos :<\/p>\n<ul style=\"text-align: justify;\">\n<li>Programa de visitas cruzadas e intercambios de experiencias.<\/li>\n<li>Planes de prevenci\u00f3n de riesgos, formaci\u00f3n, maniobras conjuntas, armonizaci\u00f3n del material.<\/li>\n<\/ul>\n<h2 style=\"text-align: justify;\"><strong>Riesgos de incendios forestales \u2013 responsable\u00a0: Navarra<\/strong><\/h2>\n<p style=\"text-align: justify;\"><strong>Presupuesto de la acci\u00f3n : 321 696,34 \u20ac<\/strong><br \/>\n<strong>Asociado: SDIS de los Pirineos-Orientales<\/strong><\/p>\n<p style=\"text-align: justify;\">Objetivos : Compartir experiencias para anticipar intervenciones conjuntas sobre incendios.\u00a0\u00a0\u00a0<\/p>\n<p style=\"text-align: justify;\">Ejes de trabajo\u00a0:<\/p>\n<ul style=\"text-align: justify;\">\n<li>Incendios forestales, y quemas de residuos vegetales.<\/li>\n<li>Gesti\u00f3n preventiva de riesgo de incendios preventivos (quemas de residuos vegetales controlados).<\/li>\n<\/ul>\n<p style=\"text-align: justify;\">Contenidos :<\/p>\n<ul>\n<li style=\"text-align: justify;\">Programaci\u00f3n de visitas rec\u00edprocas e intercambio de experiencias.<\/li>\n<li style=\"text-align: justify;\">Elaboraci\u00f3n de fichas t\u00e9cnicas de intervenci\u00f3n, maniobras reales sobre quemas de vegetaci\u00f3n preventiva.<\/li>\n<li style=\"text-align: justify;\">An\u00e1lisis hist\u00f3rico de incendios y condiciones meteorol\u00f3gicas que favorecen el riesgo.<\/li>\n<\/ul>\n<p><\/p>","protected":false},"excerpt":{"rendered":"<p>Gesti\u00f3n \u2013 responsable\u00a0: el SDIS64 Presupuesto de la acci\u00f3n : 424 793,23 \u20ac Con el fin de asegurar el desarrollo del proyecto en condiciones \u00f3ptimas, se han tomado las siguientes decisiones\u00a0: repartir las responsabilidades de cada uno en acciones y [&hellip;]<\/p>\n","protected":false},"author":1,"featured_media":0,"parent":0,"menu_order":0,"comment_status":"closed","ping_status":"closed","template":"","meta":{"_acf_changed":false,"jetpack_post_was_ever_published":false,"footnotes":""},"class_list":["post-2296","page","type-page","status-publish","hentry"],"acf":[],"jetpack_sharing_enabled":true,"jetpack_shortlink":"https:\/\/wp.me\/PaCW4J-B2","_links":{"self":[{"href":"https:\/\/www.interreg-alert.eu\/es\/wp-json\/wp\/v2\/pages\/2296","targetHints":{"allow":["GET"]}}],"collection":[{"href":"https:\/\/www.interreg-alert.eu\/es\/wp-json\/wp\/v2\/pages"}],"about":[{"href":"https:\/\/www.interreg-alert.eu\/es\/wp-json\/wp\/v2\/types\/page"}],"author":[{"embeddable":true,"href":"https:\/\/www.interreg-alert.eu\/es\/wp-json\/wp\/v2\/users\/1"}],"replies":[{"embeddable":true,"href":"https:\/\/www.interreg-alert.eu\/es\/wp-json\/wp\/v2\/comments?post=2296"}],"version-history":[{"count":6,"href":"https:\/\/www.interreg-alert.eu\/es\/wp-json\/wp\/v2\/pages\/2296\/revisions"}],"predecessor-version":[{"id":2482,"href":"https:\/\/www.interreg-alert.eu\/es\/wp-json\/wp\/v2\/pages\/2296\/revisions\/2482"}],"wp:attachment":[{"href":"https:\/\/www.interreg-alert.eu\/es\/wp-json\/wp\/v2\/media?parent=2296"}],"curies":[{"name":"wp","href":"https:\/\/api.w.org\/{rel}","templated":true}]}}