{"id":2299,"date":"2018-04-16T14:38:40","date_gmt":"2018-04-16T13:38:40","guid":{"rendered":"https:\/\/www.interreg-alert.eu\/?page_id=2299"},"modified":"2024-08-06T21:29:03","modified_gmt":"2024-08-06T20:29:03","slug":"partenaires","status":"publish","type":"page","link":"https:\/\/www.interreg-alert.eu\/es\/partenaires\/","title":{"rendered":"Socios"},"content":{"rendered":"<p><\/p>\n<h2 style=\"text-align: justify;\"><strong>ALERT reune a 10 socios de ambos lados de la frontera franco-espa\u00f1ola\u00a0: <\/strong><\/h2>\n<p style=\"text-align: justify;\">Los principales socios son\u00a0: en Francia, el Servicio Departamental de Incendios y de Socorro (SDIS64) \u2013 jefe de fila del proyecto \u2013 y en Espa\u00f1a\u00a0: el Gobierno de Navarra, el Gobierno de Arag\u00f3n, la Diputaci\u00f3n Foral de Gipuzkoa.<\/p>\n<p style=\"text-align: justify;\">Con el fin de favorecer los intercambios de pr\u00e1cticas sobre el conjunto de los Pirineos, tambi\u00e9n participan varios asociados\u00a0:<\/p>\n<p style=\"text-align: justify;\">-El Servicio Departamental de Incendios y de Socorro de Altos Pirineos (SDIS65), el Servicio Departamental de Incendios y de Socorro de los Pirineos Orientales (SDIS66) del lado Franc\u00e9s.<\/p>\n<p style=\"text-align: justify;\">&#8211; La Comarca Alto G\u00e1llego, la Diputaci\u00f3n Provincial de Zaragoza y el Ayuntamiento de Huesca, del lado espa\u00f1ol.<\/p>\n<p><\/p>","protected":false},"excerpt":{"rendered":"<p>ALERT reune a 10 socios de ambos lados de la frontera franco-espa\u00f1ola\u00a0: Los principales socios son\u00a0: en Francia, el Servicio Departamental de Incendios y de Socorro (SDIS64) \u2013 jefe de fila del proyecto \u2013 y en Espa\u00f1a\u00a0: el Gobierno de [&hellip;]<\/p>\n","protected":false},"author":1,"featured_media":0,"parent":0,"menu_order":0,"comment_status":"closed","ping_status":"closed","template":"page-partenaires.php","meta":{"_acf_changed":false,"jetpack_post_was_ever_published":false,"footnotes":""},"class_list":["post-2299","page","type-page","status-publish","hentry"],"acf":[],"jetpack_sharing_enabled":true,"jetpack_shortlink":"https:\/\/wp.me\/PaCW4J-B5","_links":{"self":[{"href":"https:\/\/www.interreg-alert.eu\/es\/wp-json\/wp\/v2\/pages\/2299","targetHints":{"allow":["GET"]}}],"collection":[{"href":"https:\/\/www.interreg-alert.eu\/es\/wp-json\/wp\/v2\/pages"}],"about":[{"href":"https:\/\/www.interreg-alert.eu\/es\/wp-json\/wp\/v2\/types\/page"}],"author":[{"embeddable":true,"href":"https:\/\/www.interreg-alert.eu\/es\/wp-json\/wp\/v2\/users\/1"}],"replies":[{"embeddable":true,"href":"https:\/\/www.interreg-alert.eu\/es\/wp-json\/wp\/v2\/comments?post=2299"}],"version-history":[{"count":14,"href":"https:\/\/www.interreg-alert.eu\/es\/wp-json\/wp\/v2\/pages\/2299\/revisions"}],"predecessor-version":[{"id":2478,"href":"https:\/\/www.interreg-alert.eu\/es\/wp-json\/wp\/v2\/pages\/2299\/revisions\/2478"}],"wp:attachment":[{"href":"https:\/\/www.interreg-alert.eu\/es\/wp-json\/wp\/v2\/media?parent=2299"}],"curies":[{"name":"wp","href":"https:\/\/api.w.org\/{rel}","templated":true}]}}